{"id":251,"date":"2024-06-19T16:51:33","date_gmt":"2024-06-19T22:51:33","guid":{"rendered":"https:\/\/farmaciascuralia.com\/?post_type=product&#038;p=251"},"modified":"2024-09-09T11:37:27","modified_gmt":"2024-09-09T17:37:27","slug":"premetexed","status":"publish","type":"product","link":"https:\/\/farmaciascuralia.com\/?product=premetexed","title":{"rendered":"Pemetrexed"},"content":{"rendered":"","protected":false},"excerpt":{"rendered":"<p>EMPET 500MG C\/1 FCO. AMP.<\/p>\n<p>Pemetrexed es un medicamento de quimioterapia utilizado para tratar c\u00e1ncer. Act\u00faa interfiriendo con varias enzimas necesarias para la replicaci\u00f3n celular, inhibiendo as\u00ed el crecimiento de las c\u00e9lulas cancer\u00edgenas.<\/p>\n","protected":false},"featured_media":252,"comment_status":"open","ping_status":"closed","template":"","meta":{"_acf_changed":false,"_uag_custom_page_level_css":"","postBodyMargin":[],"postBodyPadding":[],"postBodyBackground":{"backgroundType":"classic","gradient":""}},"product_cat":[40,30],"product_tag":[],"class_list":{"0":"post-251","1":"product","2":"type-product","3":"status-publish","4":"has-post-thumbnail","6":"product_cat-cancer-de-bronquios-pulmon","7":"product_cat-quimioterapia","9":"first","10":"instock","11":"shipping-taxable","12":"purchasable","13":"product-type-simple"},"acf":[],"uagb_featured_image_src":{"full":["https:\/\/farmaciascuralia.com\/wp-content\/uploads\/2024\/06\/editadas27_Mesa-de-trabajo-1.png",600,600,false],"thumbnail":["https:\/\/farmaciascuralia.com\/wp-content\/uploads\/2024\/06\/editadas27_Mesa-de-trabajo-1-150x150.png",150,150,true],"medium":["https:\/\/farmaciascuralia.com\/wp-content\/uploads\/2024\/06\/editadas27_Mesa-de-trabajo-1-300x300.png",300,300,true],"medium_large":["https:\/\/farmaciascuralia.com\/wp-content\/uploads\/2024\/06\/editadas27_Mesa-de-trabajo-1.png",600,600,false],"large":["https:\/\/farmaciascuralia.com\/wp-content\/uploads\/2024\/06\/editadas27_Mesa-de-trabajo-1.png",600,600,false],"master_addons_team_thumb":["https:\/\/farmaciascuralia.com\/wp-content\/uploads\/2024\/06\/editadas27_Mesa-de-trabajo-1.png",250,250,false],"1536x1536":["https:\/\/farmaciascuralia.com\/wp-content\/uploads\/2024\/06\/editadas27_Mesa-de-trabajo-1.png",600,600,false],"2048x2048":["https:\/\/farmaciascuralia.com\/wp-content\/uploads\/2024\/06\/editadas27_Mesa-de-trabajo-1.png",600,600,false],"woocommerce_thumbnail":["https:\/\/farmaciascuralia.com\/wp-content\/uploads\/2024\/06\/editadas27_Mesa-de-trabajo-1-300x300.png",300,300,true],"woocommerce_single":["https:\/\/farmaciascuralia.com\/wp-content\/uploads\/2024\/06\/editadas27_Mesa-de-trabajo-1.png",600,600,false],"woocommerce_gallery_thumbnail":["https:\/\/farmaciascuralia.com\/wp-content\/uploads\/2024\/06\/editadas27_Mesa-de-trabajo-1-100x100.png",100,100,true],"dgwt-wcas-product-suggestion":["https:\/\/farmaciascuralia.com\/wp-content\/uploads\/2024\/06\/editadas27_Mesa-de-trabajo-1-64x64.png",64,64,true]},"uagb_author_info":{"display_name":"Curalia Curalia","author_link":"https:\/\/farmaciascuralia.com\/?author=0"},"uagb_comment_info":0,"uagb_excerpt":"EMPET 500MG C\/1 FCO. AMP. Pemetrexed es un medicamento de quimioterapia utilizado para tratar c\u00e1ncer. Act\u00faa interfiriendo con varias enzimas necesarias para la replicaci\u00f3n celular, inhibiendo as\u00ed el crecimiento de las c\u00e9lulas cancer\u00edgenas.","_links":{"self":[{"href":"https:\/\/farmaciascuralia.com\/index.php?rest_route=\/wp\/v2\/product\/251"}],"collection":[{"href":"https:\/\/farmaciascuralia.com\/index.php?rest_route=\/wp\/v2\/product"}],"about":[{"href":"https:\/\/farmaciascuralia.com\/index.php?rest_route=\/wp\/v2\/types\/product"}],"replies":[{"embeddable":true,"href":"https:\/\/farmaciascuralia.com\/index.php?rest_route=%2Fwp%2Fv2%2Fcomments&post=251"}],"version-history":[{"count":3,"href":"https:\/\/farmaciascuralia.com\/index.php?rest_route=\/wp\/v2\/product\/251\/revisions"}],"predecessor-version":[{"id":1328,"href":"https:\/\/farmaciascuralia.com\/index.php?rest_route=\/wp\/v2\/product\/251\/revisions\/1328"}],"wp:featuredmedia":[{"embeddable":true,"href":"https:\/\/farmaciascuralia.com\/index.php?rest_route=\/wp\/v2\/media\/252"}],"wp:attachment":[{"href":"https:\/\/farmaciascuralia.com\/index.php?rest_route=%2Fwp%2Fv2%2Fmedia&parent=251"}],"wp:term":[{"taxonomy":"product_cat","embeddable":true,"href":"https:\/\/farmaciascuralia.com\/index.php?rest_route=%2Fwp%2Fv2%2Fproduct_cat&post=251"},{"taxonomy":"product_tag","embeddable":true,"href":"https:\/\/farmaciascuralia.com\/index.php?rest_route=%2Fwp%2Fv2%2Fproduct_tag&post=251"}],"curies":[{"name":"wp","href":"https:\/\/api.w.org\/{rel}","templated":true}]}}