{"id":234,"date":"2024-06-19T16:29:38","date_gmt":"2024-06-19T22:29:38","guid":{"rendered":"https:\/\/farmaciascuralia.com\/?post_type=product&#038;p=234"},"modified":"2024-06-19T16:29:38","modified_gmt":"2024-06-19T22:29:38","slug":"mesna","status":"publish","type":"product","link":"https:\/\/farmaciascuralia.com\/?product=mesna","title":{"rendered":"Mesna"},"content":{"rendered":"","protected":false},"excerpt":{"rendered":"<p>Mesna es un agente protector utilizado en quimioterapia para prevenir el da\u00f1o en la vejiga causado por ciertos medicamentos como la ciclofosfamida. Ayuda a neutralizar metabolitos t\u00f3xicos y protege las c\u00e9lulas de la vejiga durante el tratamiento.<\/p>\n","protected":false},"featured_media":235,"comment_status":"open","ping_status":"closed","template":"","meta":{"_acf_changed":false,"_uag_custom_page_level_css":"","postBodyMargin":[],"postBodyPadding":[],"postBodyBackground":{"backgroundType":"classic","gradient":""}},"product_cat":[33,30],"product_tag":[],"class_list":{"0":"post-234","1":"product","2":"type-product","3":"status-publish","4":"has-post-thumbnail","6":"product_cat-cancer-de-prostata-testiculo","7":"product_cat-quimioterapia","9":"first","10":"instock","11":"shipping-taxable","12":"purchasable","13":"product-type-simple"},"acf":[],"uagb_featured_image_src":{"full":["https:\/\/farmaciascuralia.com\/wp-content\/uploads\/2024\/06\/editadas22_Mesa-de-trabajo-1.png",600,600,false],"thumbnail":["https:\/\/farmaciascuralia.com\/wp-content\/uploads\/2024\/06\/editadas22_Mesa-de-trabajo-1-150x150.png",150,150,true],"medium":["https:\/\/farmaciascuralia.com\/wp-content\/uploads\/2024\/06\/editadas22_Mesa-de-trabajo-1-300x300.png",300,300,true],"medium_large":["https:\/\/farmaciascuralia.com\/wp-content\/uploads\/2024\/06\/editadas22_Mesa-de-trabajo-1.png",600,600,false],"large":["https:\/\/farmaciascuralia.com\/wp-content\/uploads\/2024\/06\/editadas22_Mesa-de-trabajo-1.png",600,600,false],"master_addons_team_thumb":["https:\/\/farmaciascuralia.com\/wp-content\/uploads\/2024\/06\/editadas22_Mesa-de-trabajo-1.png",250,250,false],"1536x1536":["https:\/\/farmaciascuralia.com\/wp-content\/uploads\/2024\/06\/editadas22_Mesa-de-trabajo-1.png",600,600,false],"2048x2048":["https:\/\/farmaciascuralia.com\/wp-content\/uploads\/2024\/06\/editadas22_Mesa-de-trabajo-1.png",600,600,false],"woocommerce_thumbnail":["https:\/\/farmaciascuralia.com\/wp-content\/uploads\/2024\/06\/editadas22_Mesa-de-trabajo-1-300x300.png",300,300,true],"woocommerce_single":["https:\/\/farmaciascuralia.com\/wp-content\/uploads\/2024\/06\/editadas22_Mesa-de-trabajo-1.png",600,600,false],"woocommerce_gallery_thumbnail":["https:\/\/farmaciascuralia.com\/wp-content\/uploads\/2024\/06\/editadas22_Mesa-de-trabajo-1-100x100.png",100,100,true],"dgwt-wcas-product-suggestion":["https:\/\/farmaciascuralia.com\/wp-content\/uploads\/2024\/06\/editadas22_Mesa-de-trabajo-1-64x64.png",64,64,true]},"uagb_author_info":{"display_name":"Curalia Curalia","author_link":"https:\/\/farmaciascuralia.com\/?author=0"},"uagb_comment_info":0,"uagb_excerpt":"Mesna es un agente protector utilizado en quimioterapia para prevenir el da\u00f1o en la vejiga causado por ciertos medicamentos como la ciclofosfamida. Ayuda a neutralizar metabolitos t\u00f3xicos y protege las c\u00e9lulas de la vejiga durante el tratamiento.","_links":{"self":[{"href":"https:\/\/farmaciascuralia.com\/index.php?rest_route=\/wp\/v2\/product\/234"}],"collection":[{"href":"https:\/\/farmaciascuralia.com\/index.php?rest_route=\/wp\/v2\/product"}],"about":[{"href":"https:\/\/farmaciascuralia.com\/index.php?rest_route=\/wp\/v2\/types\/product"}],"replies":[{"embeddable":true,"href":"https:\/\/farmaciascuralia.com\/index.php?rest_route=%2Fwp%2Fv2%2Fcomments&post=234"}],"version-history":[{"count":1,"href":"https:\/\/farmaciascuralia.com\/index.php?rest_route=\/wp\/v2\/product\/234\/revisions"}],"predecessor-version":[{"id":236,"href":"https:\/\/farmaciascuralia.com\/index.php?rest_route=\/wp\/v2\/product\/234\/revisions\/236"}],"wp:featuredmedia":[{"embeddable":true,"href":"https:\/\/farmaciascuralia.com\/index.php?rest_route=\/wp\/v2\/media\/235"}],"wp:attachment":[{"href":"https:\/\/farmaciascuralia.com\/index.php?rest_route=%2Fwp%2Fv2%2Fmedia&parent=234"}],"wp:term":[{"taxonomy":"product_cat","embeddable":true,"href":"https:\/\/farmaciascuralia.com\/index.php?rest_route=%2Fwp%2Fv2%2Fproduct_cat&post=234"},{"taxonomy":"product_tag","embeddable":true,"href":"https:\/\/farmaciascuralia.com\/index.php?rest_route=%2Fwp%2Fv2%2Fproduct_tag&post=234"}],"curies":[{"name":"wp","href":"https:\/\/api.w.org\/{rel}","templated":true}]}}