{"id":220,"date":"2024-06-19T16:11:05","date_gmt":"2024-06-19T22:11:05","guid":{"rendered":"https:\/\/farmaciascuralia.com\/?post_type=product&#038;p=220"},"modified":"2024-09-09T11:41:51","modified_gmt":"2024-09-09T17:41:51","slug":"etoposido","status":"publish","type":"product","link":"https:\/\/farmaciascuralia.com\/?product=etoposido","title":{"rendered":"Etoposido"},"content":{"rendered":"","protected":false},"excerpt":{"rendered":"<p>CAVEP 100MG\/5ML. S.I. 1X10<\/p>\n<p>El etop\u00f3sido es un medicamento de quimioterapia utilizado para tratar varios tipos de c\u00e1ncer, incluyendo c\u00e1ncer de pulm\u00f3n y de test\u00edculo, actuando al interferir con la replicaci\u00f3n del ADN en las c\u00e9lulas cancer\u00edgenas.<\/p>\n","protected":false},"featured_media":221,"comment_status":"open","ping_status":"closed","template":"","meta":{"_acf_changed":false,"_uag_custom_page_level_css":"","postBodyMargin":[],"postBodyPadding":[],"postBodyBackground":{"backgroundType":"classic","gradient":""}},"product_cat":[40,32,30],"product_tag":[],"class_list":{"0":"post-220","1":"product","2":"type-product","3":"status-publish","4":"has-post-thumbnail","6":"product_cat-cancer-de-bronquios-pulmon","7":"product_cat-cancer-de-ovario","8":"product_cat-quimioterapia","10":"first","11":"instock","12":"shipping-taxable","13":"purchasable","14":"product-type-simple"},"acf":[],"uagb_featured_image_src":{"full":["https:\/\/farmaciascuralia.com\/wp-content\/uploads\/2024\/06\/editadas18_Mesa-de-trabajo-1.png",600,600,false],"thumbnail":["https:\/\/farmaciascuralia.com\/wp-content\/uploads\/2024\/06\/editadas18_Mesa-de-trabajo-1-150x150.png",150,150,true],"medium":["https:\/\/farmaciascuralia.com\/wp-content\/uploads\/2024\/06\/editadas18_Mesa-de-trabajo-1-300x300.png",300,300,true],"medium_large":["https:\/\/farmaciascuralia.com\/wp-content\/uploads\/2024\/06\/editadas18_Mesa-de-trabajo-1.png",600,600,false],"large":["https:\/\/farmaciascuralia.com\/wp-content\/uploads\/2024\/06\/editadas18_Mesa-de-trabajo-1.png",600,600,false],"master_addons_team_thumb":["https:\/\/farmaciascuralia.com\/wp-content\/uploads\/2024\/06\/editadas18_Mesa-de-trabajo-1.png",250,250,false],"1536x1536":["https:\/\/farmaciascuralia.com\/wp-content\/uploads\/2024\/06\/editadas18_Mesa-de-trabajo-1.png",600,600,false],"2048x2048":["https:\/\/farmaciascuralia.com\/wp-content\/uploads\/2024\/06\/editadas18_Mesa-de-trabajo-1.png",600,600,false],"woocommerce_thumbnail":["https:\/\/farmaciascuralia.com\/wp-content\/uploads\/2024\/06\/editadas18_Mesa-de-trabajo-1-300x300.png",300,300,true],"woocommerce_single":["https:\/\/farmaciascuralia.com\/wp-content\/uploads\/2024\/06\/editadas18_Mesa-de-trabajo-1.png",600,600,false],"woocommerce_gallery_thumbnail":["https:\/\/farmaciascuralia.com\/wp-content\/uploads\/2024\/06\/editadas18_Mesa-de-trabajo-1-100x100.png",100,100,true],"dgwt-wcas-product-suggestion":["https:\/\/farmaciascuralia.com\/wp-content\/uploads\/2024\/06\/editadas18_Mesa-de-trabajo-1-64x64.png",64,64,true]},"uagb_author_info":{"display_name":"Curalia Curalia","author_link":"https:\/\/farmaciascuralia.com\/?author=0"},"uagb_comment_info":0,"uagb_excerpt":"CAVEP 100MG\/5ML. S.I. 1X10 El etop\u00f3sido es un medicamento de quimioterapia utilizado para tratar varios tipos de c\u00e1ncer, incluyendo c\u00e1ncer de pulm\u00f3n y de test\u00edculo, actuando al interferir con la replicaci\u00f3n del ADN en las c\u00e9lulas cancer\u00edgenas.","_links":{"self":[{"href":"https:\/\/farmaciascuralia.com\/index.php?rest_route=\/wp\/v2\/product\/220"}],"collection":[{"href":"https:\/\/farmaciascuralia.com\/index.php?rest_route=\/wp\/v2\/product"}],"about":[{"href":"https:\/\/farmaciascuralia.com\/index.php?rest_route=\/wp\/v2\/types\/product"}],"replies":[{"embeddable":true,"href":"https:\/\/farmaciascuralia.com\/index.php?rest_route=%2Fwp%2Fv2%2Fcomments&post=220"}],"version-history":[{"count":3,"href":"https:\/\/farmaciascuralia.com\/index.php?rest_route=\/wp\/v2\/product\/220\/revisions"}],"predecessor-version":[{"id":1333,"href":"https:\/\/farmaciascuralia.com\/index.php?rest_route=\/wp\/v2\/product\/220\/revisions\/1333"}],"wp:featuredmedia":[{"embeddable":true,"href":"https:\/\/farmaciascuralia.com\/index.php?rest_route=\/wp\/v2\/media\/221"}],"wp:attachment":[{"href":"https:\/\/farmaciascuralia.com\/index.php?rest_route=%2Fwp%2Fv2%2Fmedia&parent=220"}],"wp:term":[{"taxonomy":"product_cat","embeddable":true,"href":"https:\/\/farmaciascuralia.com\/index.php?rest_route=%2Fwp%2Fv2%2Fproduct_cat&post=220"},{"taxonomy":"product_tag","embeddable":true,"href":"https:\/\/farmaciascuralia.com\/index.php?rest_route=%2Fwp%2Fv2%2Fproduct_tag&post=220"}],"curies":[{"name":"wp","href":"https:\/\/api.w.org\/{rel}","templated":true}]}}