{"id":188,"date":"2024-06-19T15:30:05","date_gmt":"2024-06-19T21:30:05","guid":{"rendered":"https:\/\/farmaciascuralia.com\/?post_type=product&#038;p=188"},"modified":"2024-06-19T16:58:36","modified_gmt":"2024-06-19T22:58:36","slug":"fluorouracilo","status":"publish","type":"product","link":"https:\/\/farmaciascuralia.com\/?product=fluorouracilo","title":{"rendered":"Fluorouracilo"},"content":{"rendered":"","protected":false},"excerpt":{"rendered":"<div class=\"flex-shrink-0 flex flex-col relative items-end\">\n<div>\n<div class=\"pt-0.5 juice:pt-0\">\n<div class=\"gizmo-bot-avatar flex h-6 w-6 items-center justify-center overflow-hidden rounded-full juice:h-8 juice:w-8\">\n<div class=\"relative p-1 rounded-sm flex items-center justify-center bg-token-main-surface-primary text-token-text-primary h-6 w-6\"><span style=\"font-size: 16px;\">El fluorouracilo es un medicamento de quimioterapia que act\u00faa impidiendo la replicaci\u00f3n del ADN en c\u00e9lulas cancer\u00edgenas, utilizado en diversos tipos de c\u00e1ncer como el de colon y mama.<\/span><\/div>\n<\/div>\n<\/div>\n<\/div>\n<\/div>\n","protected":false},"featured_media":191,"comment_status":"open","ping_status":"closed","template":"","meta":{"_acf_changed":false,"_uag_custom_page_level_css":"","postBodyMargin":[],"postBodyPadding":[],"postBodyBackground":{"backgroundType":"classic","gradient":""}},"product_cat":[34,31,38,39,30],"product_tag":[],"class_list":{"0":"post-188","1":"product","2":"type-product","3":"status-publish","4":"has-post-thumbnail","6":"product_cat-cancer-de-colon","7":"product_cat-cancer-de-mama","8":"product_cat-cancer-de-pancreas","9":"product_cat-cancer-rectal","10":"product_cat-quimioterapia","12":"first","13":"instock","14":"shipping-taxable","15":"purchasable","16":"product-type-variable"},"acf":[],"uagb_featured_image_src":{"full":["https:\/\/farmaciascuralia.com\/wp-content\/uploads\/2024\/06\/editadas9_Mesa-de-trabajo-1.png",600,600,false],"thumbnail":["https:\/\/farmaciascuralia.com\/wp-content\/uploads\/2024\/06\/editadas9_Mesa-de-trabajo-1-150x150.png",150,150,true],"medium":["https:\/\/farmaciascuralia.com\/wp-content\/uploads\/2024\/06\/editadas9_Mesa-de-trabajo-1-300x300.png",300,300,true],"medium_large":["https:\/\/farmaciascuralia.com\/wp-content\/uploads\/2024\/06\/editadas9_Mesa-de-trabajo-1.png",600,600,false],"large":["https:\/\/farmaciascuralia.com\/wp-content\/uploads\/2024\/06\/editadas9_Mesa-de-trabajo-1.png",600,600,false],"master_addons_team_thumb":["https:\/\/farmaciascuralia.com\/wp-content\/uploads\/2024\/06\/editadas9_Mesa-de-trabajo-1.png",250,250,false],"1536x1536":["https:\/\/farmaciascuralia.com\/wp-content\/uploads\/2024\/06\/editadas9_Mesa-de-trabajo-1.png",600,600,false],"2048x2048":["https:\/\/farmaciascuralia.com\/wp-content\/uploads\/2024\/06\/editadas9_Mesa-de-trabajo-1.png",600,600,false],"woocommerce_thumbnail":["https:\/\/farmaciascuralia.com\/wp-content\/uploads\/2024\/06\/editadas9_Mesa-de-trabajo-1-300x300.png",300,300,true],"woocommerce_single":["https:\/\/farmaciascuralia.com\/wp-content\/uploads\/2024\/06\/editadas9_Mesa-de-trabajo-1.png",600,600,false],"woocommerce_gallery_thumbnail":["https:\/\/farmaciascuralia.com\/wp-content\/uploads\/2024\/06\/editadas9_Mesa-de-trabajo-1-100x100.png",100,100,true],"dgwt-wcas-product-suggestion":["https:\/\/farmaciascuralia.com\/wp-content\/uploads\/2024\/06\/editadas9_Mesa-de-trabajo-1-64x64.png",64,64,true]},"uagb_author_info":{"display_name":"Curalia Curalia","author_link":"https:\/\/farmaciascuralia.com\/?author=0"},"uagb_comment_info":0,"uagb_excerpt":"El fluorouracilo es un medicamento de quimioterapia que act\u00faa impidiendo la replicaci\u00f3n del ADN en c\u00e9lulas cancer\u00edgenas, utilizado en diversos tipos de c\u00e1ncer como el de colon y mama.","_links":{"self":[{"href":"https:\/\/farmaciascuralia.com\/index.php?rest_route=\/wp\/v2\/product\/188"}],"collection":[{"href":"https:\/\/farmaciascuralia.com\/index.php?rest_route=\/wp\/v2\/product"}],"about":[{"href":"https:\/\/farmaciascuralia.com\/index.php?rest_route=\/wp\/v2\/types\/product"}],"replies":[{"embeddable":true,"href":"https:\/\/farmaciascuralia.com\/index.php?rest_route=%2Fwp%2Fv2%2Fcomments&post=188"}],"version-history":[{"count":2,"href":"https:\/\/farmaciascuralia.com\/index.php?rest_route=\/wp\/v2\/product\/188\/revisions"}],"predecessor-version":[{"id":268,"href":"https:\/\/farmaciascuralia.com\/index.php?rest_route=\/wp\/v2\/product\/188\/revisions\/268"}],"wp:featuredmedia":[{"embeddable":true,"href":"https:\/\/farmaciascuralia.com\/index.php?rest_route=\/wp\/v2\/media\/191"}],"wp:attachment":[{"href":"https:\/\/farmaciascuralia.com\/index.php?rest_route=%2Fwp%2Fv2%2Fmedia&parent=188"}],"wp:term":[{"taxonomy":"product_cat","embeddable":true,"href":"https:\/\/farmaciascuralia.com\/index.php?rest_route=%2Fwp%2Fv2%2Fproduct_cat&post=188"},{"taxonomy":"product_tag","embeddable":true,"href":"https:\/\/farmaciascuralia.com\/index.php?rest_route=%2Fwp%2Fv2%2Fproduct_tag&post=188"}],"curies":[{"name":"wp","href":"https:\/\/api.w.org\/{rel}","templated":true}]}}