{"id":156,"date":"2024-06-19T14:38:26","date_gmt":"2024-06-19T20:38:26","guid":{"rendered":"https:\/\/farmaciascuralia.com\/?post_type=product&#038;p=156"},"modified":"2024-09-09T11:30:13","modified_gmt":"2024-09-09T17:30:13","slug":"dexametasona","status":"publish","type":"product","link":"https:\/\/farmaciascuralia.com\/?product=dexametasona","title":{"rendered":"Dexametasona"},"content":{"rendered":"","protected":false},"excerpt":{"rendered":"<p>DECOREX 8MG\/2ML C\/2ML 1AMP SI<\/p>\n<p>La dexametasona es un corticosteroide que reduce inflamaciones y alergias, \u00fatil tambi\u00e9n en tratamientos contra el c\u00e1ncer y enfermedades autoinmunes.<\/p>\n","protected":false},"featured_media":157,"comment_status":"open","ping_status":"closed","template":"","meta":{"_acf_changed":false,"_uag_custom_page_level_css":"","postBodyMargin":[],"postBodyPadding":[],"postBodyBackground":{"backgroundType":"classic","gradient":""}},"product_cat":[40,34,37,31,32,38,33,35,36,39,29],"product_tag":[],"class_list":{"0":"post-156","1":"product","2":"type-product","3":"status-publish","4":"has-post-thumbnail","6":"product_cat-cancer-de-bronquios-pulmon","7":"product_cat-cancer-de-colon","8":"product_cat-cancer-de-cuello-uterino","9":"product_cat-cancer-de-mama","10":"product_cat-cancer-de-ovario","11":"product_cat-cancer-de-pancreas","12":"product_cat-cancer-de-prostata-testiculo","13":"product_cat-cancer-de-rinon","14":"product_cat-cancer-de-vejiga","15":"product_cat-cancer-rectal","16":"product_cat-premedicacion","18":"first","19":"instock","20":"shipping-taxable","21":"purchasable","22":"product-type-variable"},"acf":[],"uagb_featured_image_src":{"full":["https:\/\/farmaciascuralia.com\/wp-content\/uploads\/2024\/06\/editadas4_Mesa-de-trabajo-1.png",600,600,false],"thumbnail":["https:\/\/farmaciascuralia.com\/wp-content\/uploads\/2024\/06\/editadas4_Mesa-de-trabajo-1-150x150.png",150,150,true],"medium":["https:\/\/farmaciascuralia.com\/wp-content\/uploads\/2024\/06\/editadas4_Mesa-de-trabajo-1-300x300.png",300,300,true],"medium_large":["https:\/\/farmaciascuralia.com\/wp-content\/uploads\/2024\/06\/editadas4_Mesa-de-trabajo-1.png",600,600,false],"large":["https:\/\/farmaciascuralia.com\/wp-content\/uploads\/2024\/06\/editadas4_Mesa-de-trabajo-1.png",600,600,false],"master_addons_team_thumb":["https:\/\/farmaciascuralia.com\/wp-content\/uploads\/2024\/06\/editadas4_Mesa-de-trabajo-1.png",250,250,false],"1536x1536":["https:\/\/farmaciascuralia.com\/wp-content\/uploads\/2024\/06\/editadas4_Mesa-de-trabajo-1.png",600,600,false],"2048x2048":["https:\/\/farmaciascuralia.com\/wp-content\/uploads\/2024\/06\/editadas4_Mesa-de-trabajo-1.png",600,600,false],"woocommerce_thumbnail":["https:\/\/farmaciascuralia.com\/wp-content\/uploads\/2024\/06\/editadas4_Mesa-de-trabajo-1-300x300.png",300,300,true],"woocommerce_single":["https:\/\/farmaciascuralia.com\/wp-content\/uploads\/2024\/06\/editadas4_Mesa-de-trabajo-1.png",600,600,false],"woocommerce_gallery_thumbnail":["https:\/\/farmaciascuralia.com\/wp-content\/uploads\/2024\/06\/editadas4_Mesa-de-trabajo-1-100x100.png",100,100,true],"dgwt-wcas-product-suggestion":["https:\/\/farmaciascuralia.com\/wp-content\/uploads\/2024\/06\/editadas4_Mesa-de-trabajo-1-64x64.png",64,64,true]},"uagb_author_info":{"display_name":"Curalia Curalia","author_link":"https:\/\/farmaciascuralia.com\/?author=0"},"uagb_comment_info":0,"uagb_excerpt":"DECOREX 8MG\/2ML C\/2ML 1AMP SI La dexametasona es un corticosteroide que reduce inflamaciones y alergias, \u00fatil tambi\u00e9n en tratamientos contra el c\u00e1ncer y enfermedades autoinmunes.","_links":{"self":[{"href":"https:\/\/farmaciascuralia.com\/index.php?rest_route=\/wp\/v2\/product\/156"}],"collection":[{"href":"https:\/\/farmaciascuralia.com\/index.php?rest_route=\/wp\/v2\/product"}],"about":[{"href":"https:\/\/farmaciascuralia.com\/index.php?rest_route=\/wp\/v2\/types\/product"}],"replies":[{"embeddable":true,"href":"https:\/\/farmaciascuralia.com\/index.php?rest_route=%2Fwp%2Fv2%2Fcomments&post=156"}],"version-history":[{"count":3,"href":"https:\/\/farmaciascuralia.com\/index.php?rest_route=\/wp\/v2\/product\/156\/revisions"}],"predecessor-version":[{"id":1322,"href":"https:\/\/farmaciascuralia.com\/index.php?rest_route=\/wp\/v2\/product\/156\/revisions\/1322"}],"wp:featuredmedia":[{"embeddable":true,"href":"https:\/\/farmaciascuralia.com\/index.php?rest_route=\/wp\/v2\/media\/157"}],"wp:attachment":[{"href":"https:\/\/farmaciascuralia.com\/index.php?rest_route=%2Fwp%2Fv2%2Fmedia&parent=156"}],"wp:term":[{"taxonomy":"product_cat","embeddable":true,"href":"https:\/\/farmaciascuralia.com\/index.php?rest_route=%2Fwp%2Fv2%2Fproduct_cat&post=156"},{"taxonomy":"product_tag","embeddable":true,"href":"https:\/\/farmaciascuralia.com\/index.php?rest_route=%2Fwp%2Fv2%2Fproduct_tag&post=156"}],"curies":[{"name":"wp","href":"https:\/\/api.w.org\/{rel}","templated":true}]}}