{"id":271,"date":"2024-06-20T09:51:53","date_gmt":"2024-06-20T15:51:53","guid":{"rendered":"https:\/\/farmaciascuralia.com\/?page_id=271"},"modified":"2024-09-02T15:31:46","modified_gmt":"2024-09-02T21:31:46","slug":"cofepris","status":"publish","type":"page","link":"https:\/\/farmaciascuralia.com\/?page_id=271","title":{"rendered":"Cofepris"},"content":{"rendered":"\t\t<div data-elementor-type=\"wp-page\" data-elementor-id=\"271\" class=\"elementor elementor-271\">\n\t\t\t\t\t\t<section class=\"has_ma_el_bg_slider elementor-section elementor-top-section elementor-element elementor-element-26f1t2d elementor-section-content-middle elementor-section-boxed elementor-section-height-default elementor-section-height-default jltma-glass-effect-no wpr-particle-no wpr-jarallax-no wpr-parallax-no wpr-sticky-section-no\" data-id=\"26f1t2d\" data-element_type=\"section\" data-settings=\"{&quot;background_background&quot;:&quot;classic&quot;}\">\n\t\t\t\t\t\t<div class=\"elementor-container elementor-column-gap-no\">\n\t\t\t\t\t<div class=\"has_ma_el_bg_slider elementor-column elementor-col-50 elementor-top-column elementor-element elementor-element-4d7ad86 jltma-glass-effect-no\" data-id=\"4d7ad86\" data-element_type=\"column\">\n\t\t\t<div class=\"elementor-widget-wrap elementor-element-populated\">\n\t\t\t\t\t\t<div class=\"elementor-element elementor-element-91de7cd jltma-glass-effect-no elementor-widget elementor-widget-heading\" data-id=\"91de7cd\" data-element_type=\"widget\" data-widget_type=\"heading.default\">\n\t\t\t\t<div class=\"elementor-widget-container\">\n\t\t\t<h1 class=\"elementor-heading-title elementor-size-default\">Cofepris<\/h1>\t\t<\/div>\n\t\t\t\t<\/div>\n\t\t\t\t<div class=\"elementor-element elementor-element-0e457ca jltma-glass-effect-no elementor-widget elementor-widget-text-editor\" data-id=\"0e457ca\" data-element_type=\"widget\" data-widget_type=\"text-editor.default\">\n\t\t\t\t<div class=\"elementor-widget-container\">\n\t\t\t\t\t\t\t<p><span style=\"font-weight: 400;\">Bienvenido a <\/span><b>Curalia<\/b><span style=\"font-weight: 400;\">, tu farmacia especializada de confianza. Comprometidos con la excelencia y la innovaci\u00f3n, ofrecemos una amplia gama de medicamentos y tratamientos para enfermedades cr\u00f3nicas y graves. En Curalia, entendemos la importancia del acceso a terapias avanzadas y nos esforzamos por proveer un servicio al cliente excepcional y personalizado. Nuestro crecimiento continuo y el reconocimiento en el mercado reflejan nuestra dedicaci\u00f3n al bienestar de nuestros pacientes. Explora c\u00f3mo transformamos el cuidado de la salud con profesionalismo, garantizando una mejor calidad de vida para nuestra comunidad. Descubre m\u00e1s sobre nuestro compromiso con la salud y la innovaci\u00f3n en Curalia.<\/span><\/p>\t\t\t\t\t\t<\/div>\n\t\t\t\t<\/div>\n\t\t\t\t\t<\/div>\n\t\t<\/div>\n\t\t\t\t<div class=\"has_ma_el_bg_slider elementor-column elementor-col-50 elementor-top-column elementor-element elementor-element-03a6bc5 jltma-glass-effect-no\" data-id=\"03a6bc5\" data-element_type=\"column\">\n\t\t\t<div class=\"elementor-widget-wrap elementor-element-populated\">\n\t\t\t\t\t\t<div class=\"elementor-element elementor-element-02ae585 jltma-glass-effect-no elementor-widget elementor-widget-image\" data-id=\"02ae585\" data-element_type=\"widget\" data-widget_type=\"image.default\">\n\t\t\t\t<div class=\"elementor-widget-container\">\n\t\t\t\t\t\t\t\t\t\t\t\t\t<img fetchpriority=\"high\" decoding=\"async\" width=\"800\" height=\"582\" src=\"https:\/\/farmaciascuralia.com\/wp-content\/uploads\/2024\/06\/pngegg-2024-06-20T122426.396-1024x745.png\" class=\"attachment-large size-large wp-image-402\" alt=\"\" srcset=\"https:\/\/farmaciascuralia.com\/wp-content\/uploads\/2024\/06\/pngegg-2024-06-20T122426.396-1024x745.png 1024w, https:\/\/farmaciascuralia.com\/wp-content\/uploads\/2024\/06\/pngegg-2024-06-20T122426.396-300x218.png 300w, https:\/\/farmaciascuralia.com\/wp-content\/uploads\/2024\/06\/pngegg-2024-06-20T122426.396-768x559.png 768w, https:\/\/farmaciascuralia.com\/wp-content\/uploads\/2024\/06\/pngegg-2024-06-20T122426.396-1536x1118.png 1536w, https:\/\/farmaciascuralia.com\/wp-content\/uploads\/2024\/06\/pngegg-2024-06-20T122426.396-600x437.png 600w, https:\/\/farmaciascuralia.com\/wp-content\/uploads\/2024\/06\/pngegg-2024-06-20T122426.396-64x47.png 64w, https:\/\/farmaciascuralia.com\/wp-content\/uploads\/2024\/06\/pngegg-2024-06-20T122426.396.png 1565w\" sizes=\"(max-width: 800px) 100vw, 800px\" \/>\t\t\t\t\t\t\t\t\t\t\t\t\t<\/div>\n\t\t\t\t<\/div>\n\t\t\t\t\t<\/div>\n\t\t<\/div>\n\t\t\t\t\t<\/div>\n\t\t<\/section>\n\t\t\t\t<section class=\"has_ma_el_bg_slider elementor-section elementor-top-section elementor-element elementor-element-pzca1hy elementor-section-content-middle elementor-section-boxed elementor-section-height-default elementor-section-height-default jltma-glass-effect-no wpr-particle-no wpr-jarallax-no wpr-parallax-no wpr-sticky-section-no\" data-id=\"pzca1hy\" data-element_type=\"section\" data-settings=\"{&quot;background_background&quot;:&quot;classic&quot;}\">\n\t\t\t\t\t\t\t<div class=\"elementor-background-overlay\"><\/div>\n\t\t\t\t\t\t\t<div class=\"elementor-container elementor-column-gap-no\">\n\t\t\t\t\t<div class=\"has_ma_el_bg_slider elementor-column elementor-col-33 elementor-top-column elementor-element elementor-element-19be28e jltma-glass-effect-no\" data-id=\"19be28e\" data-element_type=\"column\">\n\t\t\t<div class=\"elementor-widget-wrap elementor-element-populated\">\n\t\t\t\t\t\t<div class=\"elementor-element elementor-element-d9d3031 elementor-view-default jltma-glass-effect-no elementor-widget elementor-widget-icon\" data-id=\"d9d3031\" data-element_type=\"widget\" data-widget_type=\"icon.default\">\n\t\t\t\t<div class=\"elementor-widget-container\">\n\t\t\t\t\t<div class=\"elementor-icon-wrapper\">\n\t\t\t<div class=\"elementor-icon\">\n\t\t\t<svg aria-hidden=\"true\" class=\"e-font-icon-svg e-fas-id-badge\" viewBox=\"0 0 384 512\" xmlns=\"http:\/\/www.w3.org\/2000\/svg\"><path d=\"M336 0H48C21.5 0 0 21.5 0 48v416c0 26.5 21.5 48 48 48h288c26.5 0 48-21.5 48-48V48c0-26.5-21.5-48-48-48zM144 32h96c8.8 0 16 7.2 16 16s-7.2 16-16 16h-96c-8.8 0-16-7.2-16-16s7.2-16 16-16zm48 128c35.3 0 64 28.7 64 64s-28.7 64-64 64-64-28.7-64-64 28.7-64 64-64zm112 236.8c0 10.6-10 19.2-22.4 19.2H102.4C90 416 80 407.4 80 396.8v-19.2c0-31.8 30.1-57.6 67.2-57.6h5c12.3 5.1 25.7 8 39.8 8s27.6-2.9 39.8-8h5c37.1 0 67.2 25.8 67.2 57.6v19.2z\"><\/path><\/svg>\t\t\t<\/div>\n\t\t<\/div>\n\t\t\t\t<\/div>\n\t\t\t\t<\/div>\n\t\t\t\t<div class=\"elementor-element elementor-element-3935697 jltma-glass-effect-no elementor-widget elementor-widget-heading\" data-id=\"3935697\" data-element_type=\"widget\" data-widget_type=\"heading.default\">\n\t\t\t\t<div class=\"elementor-widget-container\">\n\t\t\t<h2 class=\"elementor-heading-title elementor-size-default\">N\u00famero de registro Cofepris:   456787654 <\/h2>\t\t<\/div>\n\t\t\t\t<\/div>\n\t\t\t\t\t<\/div>\n\t\t<\/div>\n\t\t\t\t<div class=\"has_ma_el_bg_slider elementor-column elementor-col-66 elementor-top-column elementor-element elementor-element-155952c jltma-glass-effect-no\" data-id=\"155952c\" data-element_type=\"column\">\n\t\t\t<div class=\"elementor-widget-wrap elementor-element-populated\">\n\t\t\t\t\t\t<div class=\"elementor-element elementor-element-6ef8186 jltma-glass-effect-no elementor-widget elementor-widget-text-editor\" data-id=\"6ef8186\" data-element_type=\"widget\" data-widget_type=\"text-editor.default\">\n\t\t\t\t<div class=\"elementor-widget-container\">\n\t\t\t\t\t\t\t<p><span style=\"font-weight: 400;\">En <\/span><b>Curalia<\/b><span style=\"font-weight: 400;\">, no solo nos dedicamos a proporcionar un amplio cat\u00e1logo de medicamentos para enfermedades cr\u00f3nicas y graves, sino que tambi\u00e9n estamos a la vanguardia de las \u00faltimas investigaciones m\u00e9dicas. Nuestro compromiso es ofrecer los tratamientos m\u00e1s nuevos y avanzados, garantizando que nuestros clientes tengan acceso a las mejores opciones terap\u00e9uticas disponibles. Adem\u00e1s, creemos en el poder de la comunidad y colaboramos activamente con asociaciones como <\/span><b>MIS S\u00cdNTOMAS<\/b><span style=\"font-weight: 400;\"> para ampliar el alcance de nuestro impacto y apoyo. En Curalia, redefinimos el cuidado de la salud con innovaci\u00f3n, profesionalismo y un fuerte sentido de responsabilidad social.<\/span><\/p>\t\t\t\t\t\t<\/div>\n\t\t\t\t<\/div>\n\t\t\t\t\t<\/div>\n\t\t<\/div>\n\t\t\t\t\t<\/div>\n\t\t<\/section>\n\t\t\t\t<\/div>\n\t\t","protected":false},"excerpt":{"rendered":"<p>Cofepris Bienvenido a Curalia, tu farmacia especializada de confianza. Comprometidos con la excelencia y la innovaci\u00f3n, ofrecemos una amplia gama de medicamentos y tratamientos para enfermedades cr\u00f3nicas y graves. En Curalia, entendemos la importancia del acceso a terapias avanzadas y nos esforzamos por proveer un servicio al cliente excepcional y personalizado. Nuestro crecimiento continuo y el reconocimiento en el mercado reflejan nuestra dedicaci\u00f3n al bienestar de nuestros pacientes. Explora c\u00f3mo transformamos el cuidado de la salud con profesionalismo, garantizando una mejor calidad de vida para nuestra comunidad. Descubre m\u00e1s sobre nuestro compromiso con la salud y la innovaci\u00f3n en Curalia. N\u00famero de registro Cofepris: 456787654 En Curalia, no solo nos dedicamos a proporcionar un amplio cat\u00e1logo de medicamentos para enfermedades cr\u00f3nicas y graves, sino que tambi\u00e9n estamos a la vanguardia de las \u00faltimas investigaciones m\u00e9dicas. Nuestro compromiso es ofrecer los tratamientos m\u00e1s nuevos y avanzados, garantizando que nuestros clientes tengan acceso a las mejores opciones terap\u00e9uticas disponibles. Adem\u00e1s, creemos en el poder de la comunidad y colaboramos activamente con asociaciones como MIS S\u00cdNTOMAS para ampliar el alcance de nuestro impacto y apoyo. En Curalia, redefinimos el cuidado de la salud con innovaci\u00f3n, profesionalismo y un fuerte sentido de responsabilidad social.<\/p>\n","protected":false},"author":1,"featured_media":0,"parent":0,"menu_order":0,"comment_status":"closed","ping_status":"closed","template":"","meta":{"_acf_changed":false,"_uag_custom_page_level_css":"","postBodyMargin":[],"postBodyPadding":[],"postBodyBackground":{"backgroundType":"classic","gradient":""},"footnotes":""},"class_list":["post-271","page","type-page","status-publish","hentry"],"acf":[],"uagb_featured_image_src":{"full":false,"thumbnail":false,"medium":false,"medium_large":false,"large":false,"master_addons_team_thumb":false,"1536x1536":false,"2048x2048":false,"woocommerce_thumbnail":false,"woocommerce_single":false,"woocommerce_gallery_thumbnail":false,"dgwt-wcas-product-suggestion":false},"uagb_author_info":{"display_name":"Curalia Curalia","author_link":"https:\/\/farmaciascuralia.com\/?author=1"},"uagb_comment_info":0,"uagb_excerpt":"Cofepris Bienvenido a Curalia, tu farmacia especializada de confianza. Comprometidos con la excelencia y la innovaci\u00f3n, ofrecemos una amplia gama de medicamentos y tratamientos para enfermedades cr\u00f3nicas y graves. En Curalia, entendemos la importancia del acceso a terapias avanzadas y nos esforzamos por proveer un servicio al cliente excepcional y personalizado. Nuestro crecimiento continuo y&hellip;","_links":{"self":[{"href":"https:\/\/farmaciascuralia.com\/index.php?rest_route=\/wp\/v2\/pages\/271"}],"collection":[{"href":"https:\/\/farmaciascuralia.com\/index.php?rest_route=\/wp\/v2\/pages"}],"about":[{"href":"https:\/\/farmaciascuralia.com\/index.php?rest_route=\/wp\/v2\/types\/page"}],"author":[{"embeddable":true,"href":"https:\/\/farmaciascuralia.com\/index.php?rest_route=\/wp\/v2\/users\/1"}],"replies":[{"embeddable":true,"href":"https:\/\/farmaciascuralia.com\/index.php?rest_route=%2Fwp%2Fv2%2Fcomments&post=271"}],"version-history":[{"count":58,"href":"https:\/\/farmaciascuralia.com\/index.php?rest_route=\/wp\/v2\/pages\/271\/revisions"}],"predecessor-version":[{"id":1231,"href":"https:\/\/farmaciascuralia.com\/index.php?rest_route=\/wp\/v2\/pages\/271\/revisions\/1231"}],"wp:attachment":[{"href":"https:\/\/farmaciascuralia.com\/index.php?rest_route=%2Fwp%2Fv2%2Fmedia&parent=271"}],"curies":[{"name":"wp","href":"https:\/\/api.w.org\/{rel}","templated":true}]}}