{"id":141,"date":"2024-06-19T09:53:18","date_gmt":"2024-06-19T15:53:18","guid":{"rendered":"https:\/\/farmaciascuralia.com\/?page_id=141"},"modified":"2024-09-02T13:36:25","modified_gmt":"2024-09-02T19:36:25","slug":"carrito","status":"publish","type":"page","link":"https:\/\/farmaciascuralia.com\/?page_id=141","title":{"rendered":"Carrito"},"content":{"rendered":"\t\t<div data-elementor-type=\"wp-page\" data-elementor-id=\"141\" class=\"elementor elementor-141\">\n\t\t\t\t<div class=\"elementor-element elementor-element-173b609 e-flex e-con-boxed wpr-particle-no wpr-jarallax-no wpr-parallax-no wpr-sticky-section-no e-con e-parent\" data-id=\"173b609\" data-element_type=\"container\" data-settings=\"{&quot;background_background&quot;:&quot;classic&quot;}\">\n\t\t\t\t\t<div class=\"e-con-inner\">\n\t\t\t\t<div class=\"elementor-element elementor-element-2fe6e82 jltma-glass-effect-no elementor-widget elementor-widget-eael-woo-cart\" data-id=\"2fe6e82\" data-element_type=\"widget\" data-settings=\"{&quot;eael_woo_cart_components_continue_shopping_icon&quot;:{&quot;value&quot;:&quot;fas fa-chevron-left&quot;,&quot;library&quot;:&quot;fa-solid&quot;}}\" data-widget_type=\"eael-woo-cart.default\">\n\t\t\t\t<div class=\"elementor-widget-container\">\n\t\t\t\t\t\t\t<div class=\"eael-woo-cart-wrapper eael-woo-cart-empty eael-woo-style-2 eael-auto-update33\">\n\t\t\t\t<div class=\"woocommerce-notices-wrapper\"><\/div><div class=\"wc-empty-cart-message\">\n\t<div class=\"cart-empty woocommerce-info\">\n\t\tEn este momento tu carrito est\u00e1 vac\u00edo.\t<\/div>\n<\/div>\t<p class=\"return-to-shop\">\n\t\t<a class=\"button wc-backward\" href=\"https:\/\/farmaciascuralia.com\/?page_id=1082\">\n\t\t\tVolver a la tienda\t\t<\/a>\n\t<\/p>\n                <\/div>\n\t\t\t\t        <script>document.body.classList.add(\"eael-woo-cart\");<\/script>\n\t\t\t\t<\/div>\n\t\t\t\t<\/div>\n\t\t\t\t\t<\/div>\n\t\t\t\t<\/div>\n\t\t\t\t<\/div>\n\t\t","protected":false},"excerpt":{"rendered":"<p>T\u00edtulo del producto Precio Cantidad Subtotal Palonosetron &#36;1,000.00 Palonosetron cantidad &#36;1,000.00 Pemetrexed &#36;4,550.00 Pemetrexed cantidad &#36;13,650.00 Mesna &#36;650.00 Mesna cantidad &#36;650.00 Ifosfamida &#36;800.00 Ifosfamida cantidad &#36;800.00 Oxaliplatino &#8211; 50mg. &#36;1,300.00 Oxaliplatino &#8211; 50mg. cantidad &#36;5,200.00 Cup\u00f3n: Aplicar cup\u00f3n Seguir comprando Actualizar carrito Subtotal &#36;21,300.00 Env\u00edo Free shipping Enviar a Ciudad de M\u00e9xico. Cambiar direcci\u00f3n Pa\u00eds o regi\u00f3n: Selecciona un pa\u00eds\/regi\u00f3n&hellip;Afganist\u00e1nAlbaniaAlemaniaAndorraAngolaAnguilaAnt\u00e1rtidaAntigua y BarbudaArabia SauditaArgeliaArgentinaArmeniaArubaAustraliaAustriaAzerbaijanBahamasBahrainBangladeshBarbadosBelauB\u00e9lgicaBelizeBeninBermudaBhutanBielorrusiaBirmaniaBoliviaBonaire, San Eustaquio y SabaBosnia y HerzegovinaBotswanaBrasilBrun\u00e9iBulgariaBurkina FasoBurundiCabo VerdeCamboyaCamer\u00fanCanad\u00e1ChadChileChinaChipreCiudad del VaticanoColombiaComorasCongo (Brazzaville)Congo (Kinshasa)Corea del NorteCorea del SurCosta de MarfilCosta RicaCroaciaCubaCura&ccedil;aoDinamarcaDjiboutiDominicaEcuadorEgiptoEl SalvadorEmiratos \u00c1rabes UnidosEritreaEslovaquiaEsloveniaEspa\u00f1aEstados Unidos (EEUU)EstoniaEsuatiniEtiop\u00edaFilipinasFinlandiaFiyiFranciaGab\u00f3nGambiaGeorgiaGhanaGibraltarGranadaGreciaGroenlandiaGuadalupeGuamGuatemalaGuayana FrancesaGuernseyGuineaGuinea EcuatorialGuinea-Bis\u00e1uGuyanaHait\u00edHondurasHong KongHungr\u00edaIndiaIndonesiaIrakIr\u00e1nIrlandaIsla BouvetIsla de ManIsla de NavidadIsla NorfolkIsla Santa ElenaIslandiaIslas \u00c5landIslas Caim\u00e1nIslas CocosIslas CookIslas de ultramar menores de Estados Unidos (EEUU)Islas FeroeIslas Georgias y Sandwich del SurIslas Heard y McDonaldIslas MalvinasIslas Marianas del NorteIslas MarshallIslas Salom\u00f3nIslas Turcas y CaicosIslas V\u00edrgenes (Brit\u00e1nicas)Islas V\u00edrgenes (EEUU)IsraelItaliaJamaicaJap\u00f3nJerseyJordaniaKazajist\u00e1nKeniaKirguist\u00e1nKiribatiKuwaitLaosLesotoLetoniaL\u00edbanoLiberiaLibiaLiechtensteinLituaniaLuxemburgoMacaoMacedonia del NorteMadagascarMalasiaMalauiMaldivasMal\u00edMaltaMarruecosMartinicaMauricioMauritaniaMayotteM\u00e9xicoMicronesiaMoldaviaM\u00f3nacoMongoliaMontenegroMontserratMozambiqueNamibiaNauruNepalNicaraguaN\u00edgerNigeriaNiueNoruegaNueva CaledoniaNueva ZelandaOm\u00e1nPa\u00edses BajosPakist\u00e1nPanam\u00e1Pap\u00faa Nueva GuineaParaguayPer\u00faPitcairnPolinesia FrancesaPoloniaPortugalPuerto RicoQatarReino Unido (UK)Rep\u00fablica CentroafricanaRep\u00fablica ChecaRep\u00fablica DominicanaReuni\u00f3nRuandaRumaniaRusiaSahara OccidentalSamoaSamoa AmericanaSan Bartolom\u00e9San Crist\u00f3bal y NievesSan MarinoSan Mart\u00edn (Pa\u00edses Bajos)San Mart\u00edn (parte de Francia)San Pedro y Miquel\u00f3nSan Vicente y las GranadinasSanta Luc\u00edaSanto Tom\u00e9 y Pr\u00edncipeSenegalSerbiaSeychellesSierra LeonaSingapurSiriaSomaliaSri LankaSud\u00e1fricaSud\u00e1nSud\u00e1n del SurSueciaSuizaSurinamSvalbard y Jan MayenTailandiaTaiw\u00e1nTanzaniaTayikist\u00e1nTerritorio Brit\u00e1nico del Oc\u00e9ano \u00cdndicoTerritorios australes francesesTerritorios PalestinosTimor OrientalTogoTokelauTongaTrinidad y TobagoT\u00fanezTurkmenist\u00e1nTurqu\u00edaTuvaluUcraniaUgandaUruguayUzbekist\u00e1nVanuatuVenezuelaVietnamWallis y FutunaYemenZambiaZimbabue Regi\u00f3n \/ Provincia: Elige una opci\u00f3n&hellip;Ciudad de M\u00e9xicoJaliscoNuevo Le\u00f3nAguascalientesBaja CaliforniaBaja California SurCampecheChiapasChihuahuaCoahuilaColimaDurangoGuanajuatoGuerreroHidalgoEstado de M\u00e9xicoMichoac\u00e1nMorelosNayaritOaxacaPueblaQuer\u00e9taroQuintana RooSan Luis Potos\u00edSinaloaSonoraTabascoTamaulipasTlaxcalaVeracruzYucat\u00e1nZacatecas Ciudad: C\u00f3digo postal: Actualizar Total &#36;21,300.00 Proceder al pago<\/p>\n","protected":false},"author":1,"featured_media":0,"parent":0,"menu_order":0,"comment_status":"closed","ping_status":"closed","template":"","meta":{"_acf_changed":false,"_uag_custom_page_level_css":"","postBodyMargin":[],"postBodyPadding":[],"postBodyBackground":{"backgroundType":"classic","gradient":""},"footnotes":""},"class_list":["post-141","page","type-page","status-publish","hentry"],"acf":[],"uagb_featured_image_src":{"full":false,"thumbnail":false,"medium":false,"medium_large":false,"large":false,"master_addons_team_thumb":false,"1536x1536":false,"2048x2048":false,"woocommerce_thumbnail":false,"woocommerce_single":false,"woocommerce_gallery_thumbnail":false,"dgwt-wcas-product-suggestion":false},"uagb_author_info":{"display_name":"Curalia Curalia","author_link":"https:\/\/farmaciascuralia.com\/?author=1"},"uagb_comment_info":0,"uagb_excerpt":"T\u00edtulo del producto Precio Cantidad Subtotal Palonosetron &#36;1,000.00 Palonosetron cantidad &#36;1,000.00 Pemetrexed &#36;4,550.00 Pemetrexed cantidad &#36;13,650.00 Mesna &#36;650.00 Mesna cantidad &#36;650.00 Ifosfamida &#36;800.00 Ifosfamida cantidad &#36;800.00 Oxaliplatino &#8211; 50mg. &#36;1,300.00 Oxaliplatino &#8211; 50mg. cantidad &#36;5,200.00 Cup\u00f3n: Aplicar cup\u00f3n Seguir comprando Actualizar carrito Subtotal &#36;21,300.00 Env\u00edo Free shipping Enviar a Ciudad de M\u00e9xico. Cambiar direcci\u00f3n Pa\u00eds&hellip;","_links":{"self":[{"href":"https:\/\/farmaciascuralia.com\/index.php?rest_route=\/wp\/v2\/pages\/141"}],"collection":[{"href":"https:\/\/farmaciascuralia.com\/index.php?rest_route=\/wp\/v2\/pages"}],"about":[{"href":"https:\/\/farmaciascuralia.com\/index.php?rest_route=\/wp\/v2\/types\/page"}],"author":[{"embeddable":true,"href":"https:\/\/farmaciascuralia.com\/index.php?rest_route=\/wp\/v2\/users\/1"}],"replies":[{"embeddable":true,"href":"https:\/\/farmaciascuralia.com\/index.php?rest_route=%2Fwp%2Fv2%2Fcomments&post=141"}],"version-history":[{"count":56,"href":"https:\/\/farmaciascuralia.com\/index.php?rest_route=\/wp\/v2\/pages\/141\/revisions"}],"predecessor-version":[{"id":1164,"href":"https:\/\/farmaciascuralia.com\/index.php?rest_route=\/wp\/v2\/pages\/141\/revisions\/1164"}],"wp:attachment":[{"href":"https:\/\/farmaciascuralia.com\/index.php?rest_route=%2Fwp%2Fv2%2Fmedia&parent=141"}],"curies":[{"name":"wp","href":"https:\/\/api.w.org\/{rel}","templated":true}]}}