{"id":1245,"date":"2024-09-03T08:14:24","date_gmt":"2024-09-03T14:14:24","guid":{"rendered":"https:\/\/farmaciascuralia.com\/?page_id=1245"},"modified":"2024-09-03T08:20:10","modified_gmt":"2024-09-03T14:20:10","slug":"politicas-de-privacidad","status":"publish","type":"page","link":"https:\/\/farmaciascuralia.com\/?page_id=1245","title":{"rendered":"Pol\u00edticas de Privacidad"},"content":{"rendered":"\t\t<div data-elementor-type=\"wp-page\" data-elementor-id=\"1245\" class=\"elementor elementor-1245\">\n\t\t\t\t\t\t<section class=\"has_ma_el_bg_slider elementor-section elementor-top-section elementor-element elementor-element-59611edb elementor-section-boxed elementor-section-height-default elementor-section-height-default jltma-glass-effect-no wpr-particle-no wpr-jarallax-no wpr-parallax-no wpr-sticky-section-no\" data-id=\"59611edb\" data-element_type=\"section\" id=\"xs_faq_1\" data-settings=\"{&quot;background_background&quot;:&quot;classic&quot;}\">\n\t\t\t\t\t\t<div class=\"elementor-container elementor-column-gap-default\">\n\t\t\t\t\t<div class=\"has_ma_el_bg_slider elementor-column elementor-col-100 elementor-top-column elementor-element elementor-element-b52be8f jltma-glass-effect-no\" data-id=\"b52be8f\" data-element_type=\"column\">\n\t\t\t<div class=\"elementor-widget-wrap elementor-element-populated\">\n\t\t\t\t\t\t<div class=\"elementor-element elementor-element-1c9e58a jltma-glass-effect-no elementor-widget elementor-widget-elementskit-heading\" data-id=\"1c9e58a\" data-element_type=\"widget\" data-widget_type=\"elementskit-heading.default\">\n\t\t\t\t<div class=\"elementor-widget-container\">\n\t\t\t<div class=\"ekit-wid-con\" ><div class=\"ekit-heading elementskit-section-title-wraper center   ekit_heading_tablet-   ekit_heading_mobile-\"><h2 class=\"ekit-heading--title elementskit-section-title \">Pol\u00edticas de Privacidad<\/h2><\/div><\/div>\t\t<\/div>\n\t\t\t\t<\/div>\n\t\t\t\t<section class=\"has_ma_el_bg_slider elementor-section elementor-inner-section elementor-element elementor-element-c4b88cd elementor-section-boxed elementor-section-height-default elementor-section-height-default jltma-glass-effect-no wpr-particle-no wpr-jarallax-no wpr-parallax-no wpr-sticky-section-no\" data-id=\"c4b88cd\" data-element_type=\"section\">\n\t\t\t\t\t\t<div class=\"elementor-container elementor-column-gap-default\">\n\t\t\t\t\t<div class=\"has_ma_el_bg_slider elementor-column elementor-col-50 elementor-inner-column elementor-element elementor-element-a40b26f jltma-glass-effect-no\" data-id=\"a40b26f\" data-element_type=\"column\">\n\t\t\t<div class=\"elementor-widget-wrap elementor-element-populated\">\n\t\t\t\t\t\t<div class=\"elementor-element elementor-element-087f5cd jltma-glass-effect-no elementor-widget elementor-widget-elementskit-faq\" data-id=\"087f5cd\" data-element_type=\"widget\" data-widget_type=\"elementskit-faq.default\">\n\t\t\t\t<div class=\"elementor-widget-container\">\n\t\t\t<div class=\"ekit-wid-con\" >\n                <div class=\"elementskit-single-faq elementor-repeater-item-d9fa2c9\">\n            <div class=\"elementskit-faq-header\">\n                <h2 class=\"elementskit-faq-title\">Introducci\u00f3n<\/h2>\n            <\/div>\n            <div class=\"elementskit-faq-body\">\n                En Curalia, reconocemos la importancia de proteger su privacidad. Nos comprometemos a procesar su informaci\u00f3n de manera responsable y en conformidad con las leyes de protecci\u00f3n de datos aplicables. Esta pol\u00edtica de privacidad explica c\u00f3mo recopilamos, usamos, protegemos y, en algunos casos, compartimos su informaci\u00f3n personal.            <\/div>\n        <\/div>\n                <div class=\"elementskit-single-faq elementor-repeater-item-1a01986\">\n            <div class=\"elementskit-faq-header\">\n                <h2 class=\"elementskit-faq-title\">Recolecci\u00f3n de Informaci\u00f3n Personal<\/h2>\n            <\/div>\n            <div class=\"elementskit-faq-body\">\n                Recopilamos informaci\u00f3n personal directamente de usted cuando se registra en nuestros servicios, llena formularios, o interact\u00faa con nuestras actividades y campa\u00f1as. La informaci\u00f3n recopilada incluye, pero no se limita a, su nombre, direcci\u00f3n de correo electr\u00f3nico, n\u00famero de tel\u00e9fono y detalles de salud pertinentes para los servicios que ofrecemos.\n            <\/div>\n        <\/div>\n                <div class=\"elementskit-single-faq elementor-repeater-item-c3ee460\">\n            <div class=\"elementskit-faq-header\">\n                <h2 class=\"elementskit-faq-title\">Uso de la Informaci\u00f3n<\/h2>\n            <\/div>\n            <div class=\"elementskit-faq-body\">\n                Usamos su informaci\u00f3n personal para proporcionar y mejorar nuestros servicios, para comunicaciones relacionadas con nuestros eventos y campa\u00f1as, y para personalizar las recomendaciones de tratamientos y soporte. Adem\u00e1s, podemos usar su informaci\u00f3n para cumplir con nuestras obligaciones legales y reglamentarias.\n            <\/div>\n        <\/div>\n                \n    <\/div>\t\t<\/div>\n\t\t\t\t<\/div>\n\t\t\t\t\t<\/div>\n\t\t<\/div>\n\t\t\t\t<div class=\"has_ma_el_bg_slider elementor-column elementor-col-50 elementor-inner-column elementor-element elementor-element-41039bd jltma-glass-effect-no\" data-id=\"41039bd\" data-element_type=\"column\">\n\t\t\t<div class=\"elementor-widget-wrap elementor-element-populated\">\n\t\t\t\t\t\t<div class=\"elementor-element elementor-element-2a92c8c jltma-glass-effect-no elementor-widget elementor-widget-elementskit-faq\" data-id=\"2a92c8c\" data-element_type=\"widget\" data-widget_type=\"elementskit-faq.default\">\n\t\t\t\t<div class=\"elementor-widget-container\">\n\t\t\t<div class=\"ekit-wid-con\" >\n                <div class=\"elementskit-single-faq elementor-repeater-item-8e6e01e\">\n            <div class=\"elementskit-faq-header\">\n                <h2 class=\"elementskit-faq-title\">Compartir su Informaci\u00f3n<\/h2>\n            <\/div>\n            <div class=\"elementskit-faq-body\">\n                Solo compartimos su informaci\u00f3n personal con terceros cuando es necesario para proporcionar nuestros servicios, o cuando hemos obtenido su consentimiento expl\u00edcito. Esto puede incluir compartir informaci\u00f3n con proveedores de servicios m\u00e9dicos, laboratorios, o socios comerciales que nos ayudan en la ejecuci\u00f3n de nuestros servicios.\n            <\/div>\n        <\/div>\n                <div class=\"elementskit-single-faq elementor-repeater-item-55e5019\">\n            <div class=\"elementskit-faq-header\">\n                <h2 class=\"elementskit-faq-title\">Seguridad de la Informaci\u00f3n<\/h2>\n            <\/div>\n            <div class=\"elementskit-faq-body\">\n                Implementamos medidas t\u00e9cnicas y organizativas para proteger su informaci\u00f3n personal contra p\u00e9rdida, robo y acceso no autorizado, uso y modificaci\u00f3n. Sin embargo, ning\u00fan sistema de seguridad es impenetrable y no podemos garantizar la seguridad de nuestra base de datos, ni podemos garantizar que la informaci\u00f3n que usted suministra no ser\u00e1 interceptada mientras se transmite a nosotros por Internet.\n            <\/div>\n        <\/div>\n                <div class=\"elementskit-single-faq elementor-repeater-item-b3570ed\">\n            <div class=\"elementskit-faq-header\">\n                <h2 class=\"elementskit-faq-title\">Acceso y Control de su Informaci\u00f3n<\/h2>\n            <\/div>\n            <div class=\"elementskit-faq-body\">\n                Usted tiene derecho a solicitar acceso, correcci\u00f3n, o eliminaci\u00f3n de su informaci\u00f3n personal. Tambi\u00e9n puede oponerse al procesamiento de su informaci\u00f3n o solicitar la limitaci\u00f3n de dicho procesamiento. Si desea ejercer alguno de estos derechos, por favor cont\u00e1ctenos utilizando los detalles proporcionados en nuestro sitio web.\n            <\/div>\n        <\/div>\n                \n    <\/div>\t\t<\/div>\n\t\t\t\t<\/div>\n\t\t\t\t\t<\/div>\n\t\t<\/div>\n\t\t\t\t\t<\/div>\n\t\t<\/section>\n\t\t\t\t\t<\/div>\n\t\t<\/div>\n\t\t\t\t\t<\/div>\n\t\t<\/section>\n\t\t\t\t<section class=\"has_ma_el_bg_slider elementor-section elementor-top-section elementor-element elementor-element-8bf8236 elementor-section-boxed elementor-section-height-default elementor-section-height-default jltma-glass-effect-no wpr-particle-no wpr-jarallax-no wpr-parallax-no wpr-sticky-section-no\" data-id=\"8bf8236\" data-element_type=\"section\" data-settings=\"{&quot;background_background&quot;:&quot;classic&quot;}\">\n\t\t\t\t\t\t<div class=\"elementor-container elementor-column-gap-default\">\n\t\t\t\t\t<div class=\"has_ma_el_bg_slider elementor-column elementor-col-100 elementor-top-column elementor-element elementor-element-013d47b jltma-glass-effect-no\" data-id=\"013d47b\" data-element_type=\"column\">\n\t\t\t<div class=\"elementor-widget-wrap elementor-element-populated\">\n\t\t\t\t\t\t<div class=\"elementor-element elementor-element-7ec5e3e jltma-glass-effect-no elementor-widget elementor-widget-elementskit-heading\" data-id=\"7ec5e3e\" data-element_type=\"widget\" data-widget_type=\"elementskit-heading.default\">\n\t\t\t\t<div class=\"elementor-widget-container\">\n\t\t\t<div class=\"ekit-wid-con\" ><div class=\"ekit-heading elementskit-section-title-wraper center   ekit_heading_tablet-   ekit_heading_mobile-\"><h2 class=\"ekit-heading--title elementskit-section-title \">Retiro de Consentimiento<\/h2><\/div><\/div>\t\t<\/div>\n\t\t\t\t<\/div>\n\t\t\t\t<section class=\"has_ma_el_bg_slider elementor-section elementor-inner-section elementor-element elementor-element-ffab350 elementor-section-boxed elementor-section-height-default elementor-section-height-default jltma-glass-effect-no wpr-particle-no wpr-jarallax-no wpr-parallax-no wpr-sticky-section-no\" data-id=\"ffab350\" data-element_type=\"section\">\n\t\t\t\t\t\t<div class=\"elementor-container elementor-column-gap-default\">\n\t\t\t\t\t<div class=\"has_ma_el_bg_slider elementor-column elementor-col-100 elementor-inner-column elementor-element elementor-element-913e442 jltma-glass-effect-no\" data-id=\"913e442\" data-element_type=\"column\">\n\t\t\t<div class=\"elementor-widget-wrap elementor-element-populated\">\n\t\t\t\t\t\t<div class=\"elementor-element elementor-element-af2fa18 jltma-glass-effect-no elementor-widget elementor-widget-elementskit-faq\" data-id=\"af2fa18\" data-element_type=\"widget\" data-widget_type=\"elementskit-faq.default\">\n\t\t\t\t<div class=\"elementor-widget-container\">\n\t\t\t<div class=\"ekit-wid-con\" >\n                <div class=\"elementskit-single-faq elementor-repeater-item-d9fa2c9\">\n            <div class=\"elementskit-faq-header\">\n                <h2 class=\"elementskit-faq-title\">C\u00f3mo Retirar su Consentimiento<\/h2>\n            <\/div>\n            <div class=\"elementskit-faq-body\">\n                Usted puede retirar su consentimiento para el uso de su informaci\u00f3n personal en cualquier momento. Esto se puede hacer enviando una solicitud por escrito a nuestra direcci\u00f3n de correo electr\u00f3nico o a trav\u00e9s del enlace proporcionado en nuestras comunicaciones por correo electr\u00f3nico.\n            <\/div>\n        <\/div>\n                <div class=\"elementskit-single-faq elementor-repeater-item-1a01986\">\n            <div class=\"elementskit-faq-header\">\n                <h2 class=\"elementskit-faq-title\">Efectos del Retiro de Consentimiento<\/h2>\n            <\/div>\n            <div class=\"elementskit-faq-body\">\n                Retirar su consentimiento puede afectar nuestra capacidad para proporcionarle ciertos servicios. Nos comprometemos a informarle sobre los posibles efectos del retiro de su consentimiento para asegurar que est\u00e1 bien informado antes de tomar esta decisi\u00f3n.\n            <\/div>\n        <\/div>\n                <div class=\"elementskit-single-faq elementor-repeater-item-c3ee460\">\n            <div class=\"elementskit-faq-header\">\n                <h2 class=\"elementskit-faq-title\">Contacto<\/h2>\n            <\/div>\n            <div class=\"elementskit-faq-body\">\n                Si tiene preguntas sobre nuestra pol\u00edtica de privacidad o el tratamiento de su informaci\u00f3n personal, o si necesita asistencia para gestionar sus opciones de privacidad, por favor cont\u00e1ctenos a trav\u00e9s de los medios proporcionados en nuestro sitio web.\n            <\/div>\n        <\/div>\n                \n    <\/div>\t\t<\/div>\n\t\t\t\t<\/div>\n\t\t\t\t\t<\/div>\n\t\t<\/div>\n\t\t\t\t\t<\/div>\n\t\t<\/section>\n\t\t\t\t\t<\/div>\n\t\t<\/div>\n\t\t\t\t\t<\/div>\n\t\t<\/section>\n\t\t\t\t<\/div>\n\t\t","protected":false},"excerpt":{"rendered":"<p>Pol\u00edticas de Privacidad Introducci\u00f3n En Curalia, reconocemos la importancia de proteger su privacidad. Nos comprometemos a procesar su informaci\u00f3n de manera responsable y en conformidad con las leyes de protecci\u00f3n de datos aplicables. Esta pol\u00edtica de privacidad explica c\u00f3mo recopilamos, usamos, protegemos y, en algunos casos, compartimos su informaci\u00f3n personal. Recolecci\u00f3n de Informaci\u00f3n Personal Recopilamos informaci\u00f3n personal directamente de usted cuando se registra en nuestros servicios, llena formularios, o interact\u00faa con nuestras actividades y campa\u00f1as. La informaci\u00f3n recopilada incluye, pero no se limita a, su nombre, direcci\u00f3n de correo electr\u00f3nico, n\u00famero de tel\u00e9fono y detalles de salud pertinentes para los servicios que ofrecemos. Uso de la Informaci\u00f3n Usamos su informaci\u00f3n personal para proporcionar y mejorar nuestros servicios, para comunicaciones relacionadas con nuestros eventos y campa\u00f1as, y para personalizar las recomendaciones de tratamientos y soporte. Adem\u00e1s, podemos usar su informaci\u00f3n para cumplir con nuestras obligaciones legales y reglamentarias. Compartir su Informaci\u00f3n Solo compartimos su informaci\u00f3n personal con terceros cuando es necesario para proporcionar nuestros servicios, o cuando hemos obtenido su consentimiento expl\u00edcito. Esto puede incluir compartir informaci\u00f3n con proveedores de servicios m\u00e9dicos, laboratorios, o socios comerciales que nos ayudan en la ejecuci\u00f3n de nuestros servicios. Seguridad de la Informaci\u00f3n Implementamos medidas t\u00e9cnicas y organizativas para proteger su informaci\u00f3n personal contra p\u00e9rdida, robo y acceso no autorizado, uso y modificaci\u00f3n. Sin embargo, ning\u00fan sistema de seguridad es impenetrable y no podemos garantizar la seguridad de nuestra base de datos, ni podemos garantizar que la informaci\u00f3n que usted suministra no ser\u00e1 interceptada mientras se transmite a nosotros por Internet. Acceso y Control de su Informaci\u00f3n Usted tiene derecho a solicitar acceso, correcci\u00f3n, o eliminaci\u00f3n de su informaci\u00f3n personal. Tambi\u00e9n puede oponerse al procesamiento de su informaci\u00f3n o solicitar la limitaci\u00f3n de dicho procesamiento. Si desea ejercer alguno de estos derechos, por favor cont\u00e1ctenos utilizando los detalles proporcionados en nuestro sitio web. Retiro de Consentimiento C\u00f3mo Retirar su Consentimiento Usted puede retirar su consentimiento para el uso de su informaci\u00f3n personal en cualquier momento. Esto se puede hacer enviando una solicitud por escrito a nuestra direcci\u00f3n de correo electr\u00f3nico o a trav\u00e9s del enlace proporcionado en nuestras comunicaciones por correo electr\u00f3nico. Efectos del Retiro de Consentimiento Retirar su consentimiento puede afectar nuestra capacidad para proporcionarle ciertos servicios. Nos comprometemos a informarle sobre los posibles efectos del retiro de su consentimiento para asegurar que est\u00e1 bien informado antes de tomar esta decisi\u00f3n. Contacto Si tiene preguntas sobre nuestra pol\u00edtica de privacidad o el tratamiento de su informaci\u00f3n personal, o si necesita asistencia para gestionar sus opciones de privacidad, por favor cont\u00e1ctenos a trav\u00e9s de los medios proporcionados en nuestro sitio web.<\/p>\n","protected":false},"author":1,"featured_media":0,"parent":0,"menu_order":0,"comment_status":"closed","ping_status":"closed","template":"","meta":{"_acf_changed":false,"_uag_custom_page_level_css":"","postBodyMargin":[],"postBodyPadding":[],"postBodyBackground":{"backgroundType":"classic","gradient":""},"footnotes":""},"class_list":["post-1245","page","type-page","status-publish","hentry"],"acf":[],"uagb_featured_image_src":{"full":false,"thumbnail":false,"medium":false,"medium_large":false,"large":false,"master_addons_team_thumb":false,"1536x1536":false,"2048x2048":false,"woocommerce_thumbnail":false,"woocommerce_single":false,"woocommerce_gallery_thumbnail":false,"dgwt-wcas-product-suggestion":false},"uagb_author_info":{"display_name":"Curalia Curalia","author_link":"https:\/\/farmaciascuralia.com\/?author=1"},"uagb_comment_info":0,"uagb_excerpt":"Pol\u00edticas de Privacidad Introducci\u00f3n En Curalia, reconocemos la importancia de proteger su privacidad. Nos comprometemos a procesar su informaci\u00f3n de manera responsable y en conformidad con las leyes de protecci\u00f3n de datos aplicables. Esta pol\u00edtica de privacidad explica c\u00f3mo recopilamos, usamos, protegemos y, en algunos casos, compartimos su informaci\u00f3n personal. Recolecci\u00f3n de Informaci\u00f3n Personal Recopilamos&hellip;","_links":{"self":[{"href":"https:\/\/farmaciascuralia.com\/index.php?rest_route=\/wp\/v2\/pages\/1245"}],"collection":[{"href":"https:\/\/farmaciascuralia.com\/index.php?rest_route=\/wp\/v2\/pages"}],"about":[{"href":"https:\/\/farmaciascuralia.com\/index.php?rest_route=\/wp\/v2\/types\/page"}],"author":[{"embeddable":true,"href":"https:\/\/farmaciascuralia.com\/index.php?rest_route=\/wp\/v2\/users\/1"}],"replies":[{"embeddable":true,"href":"https:\/\/farmaciascuralia.com\/index.php?rest_route=%2Fwp%2Fv2%2Fcomments&post=1245"}],"version-history":[{"count":4,"href":"https:\/\/farmaciascuralia.com\/index.php?rest_route=\/wp\/v2\/pages\/1245\/revisions"}],"predecessor-version":[{"id":1250,"href":"https:\/\/farmaciascuralia.com\/index.php?rest_route=\/wp\/v2\/pages\/1245\/revisions\/1250"}],"wp:attachment":[{"href":"https:\/\/farmaciascuralia.com\/index.php?rest_route=%2Fwp%2Fv2%2Fmedia&parent=1245"}],"curies":[{"name":"wp","href":"https:\/\/api.w.org\/{rel}","templated":true}]}}